{"id":2,"date":"2024-08-29T13:41:42","date_gmt":"2024-08-29T13:41:42","guid":{"rendered":"https:\/\/grillschuppae.ch\/?page_id=2"},"modified":"2024-08-29T15:37:12","modified_gmt":"2024-08-29T15:37:12","slug":"home","status":"publish","type":"page","link":"https:\/\/grillschuppae.ch\/","title":{"rendered":"Home"},"content":{"rendered":"\t\t<div data-elementor-type=\"wp-page\" data-elementor-id=\"2\" class=\"elementor elementor-2\" data-elementor-post-type=\"page\">\n\t\t\t\t<div class=\"elementor-element elementor-element-62fbffa e-flex e-con-boxed e-con e-parent\" data-id=\"62fbffa\" data-element_type=\"container\" data-settings=\"{&quot;background_background&quot;:&quot;classic&quot;}\">\n\t\t\t\t\t<div class=\"e-con-inner\">\n\t\t\t\t<div class=\"elementor-element elementor-element-f6a28fd elementor-widget elementor-widget-image\" data-id=\"f6a28fd\" data-element_type=\"widget\" data-widget_type=\"image.default\">\n\t\t\t\t<div class=\"elementor-widget-container\">\n\t\t\t\t\t\t\t\t\t\t\t\t\t\t\t<img fetchpriority=\"high\" decoding=\"async\" width=\"580\" height=\"580\" src=\"https:\/\/grillschuppae.ch\/wp-content\/uploads\/2024\/08\/Phils-Grillschuppa-Skull.png\" class=\"attachment-large size-large wp-image-34\" alt=\"\" srcset=\"https:\/\/grillschuppae.ch\/wp-content\/uploads\/2024\/08\/Phils-Grillschuppa-Skull.png 580w, https:\/\/grillschuppae.ch\/wp-content\/uploads\/2024\/08\/Phils-Grillschuppa-Skull-300x300.png 300w, https:\/\/grillschuppae.ch\/wp-content\/uploads\/2024\/08\/Phils-Grillschuppa-Skull-150x150.png 150w\" sizes=\"(max-width: 580px) 100vw, 580px\" \/>\t\t\t\t\t\t\t\t\t\t\t\t\t\t\t<\/div>\n\t\t\t\t<\/div>\n\t\t\t\t\t<\/div>\n\t\t\t\t<\/div>\n\t\t<div class=\"elementor-element elementor-element-ddd3abc e-grid e-con-boxed e-con e-parent\" data-id=\"ddd3abc\" data-element_type=\"container\">\n\t\t\t\t\t<div class=\"e-con-inner\">\n\t\t<div class=\"elementor-element elementor-element-ea144b8 e-con-full e-flex e-con e-child\" data-id=\"ea144b8\" data-element_type=\"container\">\n\t\t\t\t<div class=\"elementor-element elementor-element-0e9164d elementor-widget elementor-widget-image\" data-id=\"0e9164d\" data-element_type=\"widget\" data-widget_type=\"image.default\">\n\t\t\t\t<div class=\"elementor-widget-container\">\n\t\t\t\t\t\t\t\t\t\t\t\t\t\t\t<img decoding=\"async\" width=\"227\" height=\"187\" src=\"https:\/\/grillschuppae.ch\/wp-content\/uploads\/2024\/08\/RZ_phintage-logo-web.png\" class=\"attachment-large size-large wp-image-36\" alt=\"\" \/>\t\t\t\t\t\t\t\t\t\t\t\t\t\t\t<\/div>\n\t\t\t\t<\/div>\n\t\t\t\t<div class=\"elementor-element elementor-element-45a5ee3 elementor-widget elementor-widget-text-editor\" data-id=\"45a5ee3\" data-element_type=\"widget\" data-widget_type=\"text-editor.default\">\n\t\t\t\t<div class=\"elementor-widget-container\">\n\t\t\t\t\t\t\t\t\t<p>Wir kaufen und verkaufen alte Radios, Kinderwagen, Mofas, Petromobilia, Emailleschilder, Blechspielzeug, R\u00f6hrenradios, Kofferradios, \u00d6ldosen von 1920-1970, sowie vieles mehr.<\/p>\t\t\t\t\t\t\t\t<\/div>\n\t\t\t\t<\/div>\n\t\t\t\t<div class=\"elementor-element elementor-element-b67f618 elementor-button-info elementor-align-center elementor-widget elementor-widget-button\" data-id=\"b67f618\" data-element_type=\"widget\" data-widget_type=\"button.default\">\n\t\t\t\t<div class=\"elementor-widget-container\">\n\t\t\t\t\t\t\t\t\t<div class=\"elementor-button-wrapper\">\n\t\t\t\t\t<a class=\"elementor-button elementor-button-link elementor-size-sm\" href=\"https:\/\/phintage.ch\">\n\t\t\t\t\t\t<span class=\"elementor-button-content-wrapper\">\n\t\t\t\t\t\t\t\t\t<span class=\"elementor-button-text\">Zur Website<\/span>\n\t\t\t\t\t<\/span>\n\t\t\t\t\t<\/a>\n\t\t\t\t<\/div>\n\t\t\t\t\t\t\t\t<\/div>\n\t\t\t\t<\/div>\n\t\t\t\t<\/div>\n\t\t<div class=\"elementor-element elementor-element-6c03542 e-con-full e-flex e-con e-child\" data-id=\"6c03542\" data-element_type=\"container\">\n\t\t\t\t<div class=\"elementor-element elementor-element-77ba67a elementor-widget elementor-widget-image\" data-id=\"77ba67a\" data-element_type=\"widget\" data-widget_type=\"image.default\">\n\t\t\t\t<div class=\"elementor-widget-container\">\n\t\t\t\t\t\t\t\t\t\t\t\t\t\t\t<img decoding=\"async\" width=\"369\" height=\"108\" src=\"https:\/\/grillschuppae.ch\/wp-content\/uploads\/2024\/08\/E3-Grillschuppen.svg\" class=\"attachment-large size-large wp-image-40\" alt=\"\" \/>\t\t\t\t\t\t\t\t\t\t\t\t\t\t\t<\/div>\n\t\t\t\t<\/div>\n\t\t\t\t<div class=\"elementor-element elementor-element-9870030 elementor-widget elementor-widget-text-editor\" data-id=\"9870030\" data-element_type=\"widget\" data-widget_type=\"text-editor.default\">\n\t\t\t\t<div class=\"elementor-widget-container\">\n\t\t\t\t\t\t\t\t\t<p>Offizieller Retailer f\u00fcr das \u00abBig Green Egg\u00bb. Verkauf, Montage, Schulung, Service und ZUbeh\u00f6r.<\/p>\t\t\t\t\t\t\t\t<\/div>\n\t\t\t\t<\/div>\n\t\t\t\t<div class=\"elementor-element elementor-element-075d60e elementor-button-info elementor-align-center elementor-widget elementor-widget-button\" data-id=\"075d60e\" data-element_type=\"widget\" data-widget_type=\"button.default\">\n\t\t\t\t<div class=\"elementor-widget-container\">\n\t\t\t\t\t\t\t\t\t<div class=\"elementor-button-wrapper\">\n\t\t\t\t\t<a class=\"elementor-button elementor-button-link elementor-size-sm\" href=\"https:\/\/thegreenegg.ch\">\n\t\t\t\t\t\t<span class=\"elementor-button-content-wrapper\">\n\t\t\t\t\t\t\t\t\t<span class=\"elementor-button-text\">Zur Website<\/span>\n\t\t\t\t\t<\/span>\n\t\t\t\t\t<\/a>\n\t\t\t\t<\/div>\n\t\t\t\t\t\t\t\t<\/div>\n\t\t\t\t<\/div>\n\t\t\t\t<\/div>\n\t\t\t\t\t<\/div>\n\t\t\t\t<\/div>\n\t\t\t\t<\/div>\n\t\t","protected":false},"excerpt":{"rendered":"<p>Wir kaufen und verkaufen alte Radios, Kinderwagen, Mofas, Petromobilia, Emailleschilder, Blechspielzeug, R\u00f6hrenradios, Kofferradios, \u00d6ldosen von 1920-1970, sowie vieles mehr. Zur Website Offizieller Retailer f\u00fcr das \u00abBig Green Egg\u00bb. Verkauf, Montage, Schulung, Service und ZUbeh\u00f6r. Zur Website<\/p>\n","protected":false},"author":1,"featured_media":0,"parent":0,"menu_order":0,"comment_status":"closed","ping_status":"open","template":"","meta":{"footnotes":""},"class_list":["post-2","page","type-page","status-publish","hentry"],"_links":{"self":[{"href":"https:\/\/grillschuppae.ch\/index.php\/wp-json\/wp\/v2\/pages\/2","targetHints":{"allow":["GET"]}}],"collection":[{"href":"https:\/\/grillschuppae.ch\/index.php\/wp-json\/wp\/v2\/pages"}],"about":[{"href":"https:\/\/grillschuppae.ch\/index.php\/wp-json\/wp\/v2\/types\/page"}],"author":[{"embeddable":true,"href":"https:\/\/grillschuppae.ch\/index.php\/wp-json\/wp\/v2\/users\/1"}],"replies":[{"embeddable":true,"href":"https:\/\/grillschuppae.ch\/index.php\/wp-json\/wp\/v2\/comments?post=2"}],"version-history":[{"count":14,"href":"https:\/\/grillschuppae.ch\/index.php\/wp-json\/wp\/v2\/pages\/2\/revisions"}],"predecessor-version":[{"id":53,"href":"https:\/\/grillschuppae.ch\/index.php\/wp-json\/wp\/v2\/pages\/2\/revisions\/53"}],"wp:attachment":[{"href":"https:\/\/grillschuppae.ch\/index.php\/wp-json\/wp\/v2\/media?parent=2"}],"curies":[{"name":"wp","href":"https:\/\/api.w.org\/{rel}","templated":true}]}}